{"id":1099,"date":"2014-03-30T20:31:53","date_gmt":"2014-03-30T19:31:53","guid":{"rendered":"http:\/\/martin.tresnak.eu\/?page_id=1099"},"modified":"2020-03-16T20:02:37","modified_gmt":"2020-03-16T19:02:37","slug":"silnice","status":"publish","type":"page","link":"https:\/\/martin.tresnak.eu\/?page_id=1099","title":{"rendered":"Silnice"},"content":{"rendered":"<p>https:\/\/www.topgear.com\/car-news\/adventures\/gallery-top-gears-finest-adventure-pics?fbclid=IwAR3gmrblxUNxYFUB_r5VLa-3brgA1HXNPkDDxd1XqauL-JCQ6AFpNpNb-Nw#1<\/p>\n<p>Valparola Pass u Cortiny<\/p>\n<h2 class=\"listicle-list__title\">Gotthard Pass, Switzerland<\/h2>\n<h2 class=\"listicle-list__title\">Miataland, Italy<\/h2>\n<p>https:\/\/www.garaz.cz\/clanek\/nejlepsi-rakouske-silnice-ktere-mozna-neznate-4764<\/p>\n<h3>Colle dell&#8217;Agnello is the highest international road pass of the Alps, located on the border between Italy and France<\/h3>\n<p>N85 Route Napoleon Francie Provance<\/p>\n<p>Route des Grandes Alpes<\/p>\n<p>https:\/\/www.garaz.cz\/magazin\/reportaze\/3004003-kde-hledat-ty-nejlepsi-silnice-vyrazte-do-alp?utm_source=www.seznam.cz&#038;utm_medium=sekce-z-internetu<\/p>\n<p>Strada della Forra u Lago di Garda<\/p>\n<p><a href=\"http:\/\/martin.tresnak.eu\/wp-content\/uploads\/2014\/03\/Das.jpg\"><img loading=\"lazy\" decoding=\"async\" data-attachment-id=\"3206\" data-permalink=\"https:\/\/martin.tresnak.eu\/?attachment_id=3206\" data-orig-file=\"https:\/\/martin.tresnak.eu\/wp-content\/uploads\/2014\/03\/Das.jpg\" data-orig-size=\"1200,386\" data-comments-opened=\"1\" data-image-meta=\"{&quot;aperture&quot;:&quot;0&quot;,&quot;credit&quot;:&quot;&quot;,&quot;camera&quot;:&quot;&quot;,&quot;caption&quot;:&quot;&quot;,&quot;created_timestamp&quot;:&quot;0&quot;,&quot;copyright&quot;:&quot;&quot;,&quot;focal_length&quot;:&quot;0&quot;,&quot;iso&quot;:&quot;0&quot;,&quot;shutter_speed&quot;:&quot;0&quot;,&quot;title&quot;:&quot;&quot;,&quot;orientation&quot;:&quot;0&quot;}\" data-image-title=\"Das\" data-image-description=\"\" data-image-caption=\"\" data-medium-file=\"https:\/\/martin.tresnak.eu\/wp-content\/uploads\/2014\/03\/Das-300x97.jpg\" data-large-file=\"https:\/\/martin.tresnak.eu\/wp-content\/uploads\/2014\/03\/Das.jpg\" tabindex=\"0\" role=\"button\" class=\"alignnone size-medium wp-image-3206\" src=\"http:\/\/martin.tresnak.eu\/wp-content\/uploads\/2014\/03\/Das-300x97.jpg\" alt=\"Das\" width=\"300\" height=\"97\" srcset=\"https:\/\/martin.tresnak.eu\/wp-content\/uploads\/2014\/03\/Das-300x97.jpg 300w, https:\/\/martin.tresnak.eu\/wp-content\/uploads\/2014\/03\/Das.jpg 1200w\" sizes=\"(max-width: 300px) 85vw, 300px\" \/><\/a><\/p>\n<p>Alpsk\u00e1 vyhl\u00eddkov\u00e1 trasa.<\/p>\n<p>GOTTHARD PASS<\/p>\n<p>http:\/\/initiald.cz\/cesty.php<\/p>\n<p>http:\/\/www.alpentourer.com\/<\/p>\n<p>Pr\u016fsmyk Vr\u0161i\u010d mezi Bovec a Kranjska Gora<\/p>\n<blockquote class=\"wp-embedded-content\" data-secret=\"UFRiY1y65K\"><p><a href=\"http:\/\/earthporm.com\/25-wonderful-roads-world\/\">25 Of The Most Wonderful Roads In The World<\/a><\/p><\/blockquote>\n<p><iframe title=\"&#8220;25 Of The Most Wonderful Roads In The World&#8221; &#8212; Earth Porm\" class=\"wp-embedded-content\" sandbox=\"allow-scripts\" security=\"restricted\" style=\"position: absolute; clip: rect(1px, 1px, 1px, 1px);\" src=\"http:\/\/earthporm.com\/25-wonderful-roads-world\/embed\/#?secret=UFRiY1y65K\" data-secret=\"UFRiY1y65K\" width=\"600\" height=\"338\" frameborder=\"0\" marginwidth=\"0\" marginheight=\"0\" scrolling=\"no\"><\/iframe><\/p>\n<p>Hahntennjoch Rakousko<\/p>\n<p>Passo Pordoi<\/p>\n<p>http:\/\/carsroute.com\/top-15-most-beautiful-roads-in-the-world\/<br \/>\n<span style=\"line-height: 1.5;\"><img decoding=\"async\" src=\"http:\/\/www.motorradonline.de\/sixcms\/media.php\/123\/thumbnails\/Unterwegs_Alpenpass_200.jpg.1834091.jpg\" alt=\"\" \/><br \/>\nKlausenpass, \u0160v\u00fdcarsko<\/span><\/p>\n<p><img decoding=\"async\" src=\"http:\/\/kurvenkoenig.de\/tl_files\/kurvenkoenig\/paesse\/silvretta-hochalpenstrasse\/Silvretta-Hochalpenstrasse_karte.png\" alt=\"\" \/>Silvretta Hochalpenstrase<\/p>\n<p><img decoding=\"async\" src=\"http:\/\/themysteriousworld.com\/wp-content\/uploads\/2013\/12\/Stelvio-Pass-Italy.jpg\" alt=\"\" \/>Stelvio pass<\/p>\n<p><img decoding=\"async\" src=\"http:\/\/www.klimgeiten.nl\/specials\/kaunertaler\/map-kaunertal.jpg\" alt=\"\" \/>Kaunertal, Rakousko &#8211; Cesta kon\u010d\u00ed u sjezdovek, plat\u00ed se poplatek za vjezd<\/p>\n<p><a href=\"http:\/\/martin.tresnak.eu\/wp-content\/uploads\/2014\/03\/SanBernardino.jpg\"><img loading=\"lazy\" decoding=\"async\" data-attachment-id=\"1105\" data-permalink=\"https:\/\/martin.tresnak.eu\/?attachment_id=1105\" data-orig-file=\"https:\/\/martin.tresnak.eu\/wp-content\/uploads\/2014\/03\/SanBernardino.jpg\" data-orig-size=\"713,749\" data-comments-opened=\"1\" data-image-meta=\"{&quot;aperture&quot;:&quot;0&quot;,&quot;credit&quot;:&quot;Martin&quot;,&quot;camera&quot;:&quot;&quot;,&quot;caption&quot;:&quot;&quot;,&quot;created_timestamp&quot;:&quot;1396218698&quot;,&quot;copyright&quot;:&quot;&quot;,&quot;focal_length&quot;:&quot;0&quot;,&quot;iso&quot;:&quot;0&quot;,&quot;shutter_speed&quot;:&quot;0&quot;,&quot;title&quot;:&quot;&quot;}\" data-image-title=\"SanBernardino\" data-image-description=\"\" data-image-caption=\"\" data-medium-file=\"https:\/\/martin.tresnak.eu\/wp-content\/uploads\/2014\/03\/SanBernardino-285x300.jpg\" data-large-file=\"https:\/\/martin.tresnak.eu\/wp-content\/uploads\/2014\/03\/SanBernardino.jpg\" tabindex=\"0\" role=\"button\" class=\"alignnone size-medium wp-image-1105\" src=\"http:\/\/martin.tresnak.eu\/wp-content\/uploads\/2014\/03\/SanBernardino-285x300.jpg\" alt=\"SanBernardino\" width=\"285\" height=\"300\" srcset=\"https:\/\/martin.tresnak.eu\/wp-content\/uploads\/2014\/03\/SanBernardino-285x300.jpg 285w, https:\/\/martin.tresnak.eu\/wp-content\/uploads\/2014\/03\/SanBernardino.jpg 713w\" sizes=\"(max-width: 285px) 85vw, 285px\" \/><br \/>\nS<\/a>an Bernardino pass, \u0160v\u00fdcarsko<\/p>\n<p>Cesta \u010d.164 od Bischofshofen po Saalfelden<\/p>\n","protected":false},"excerpt":{"rendered":"<p>https:\/\/www.topgear.com\/car-news\/adventures\/gallery-top-gears-finest-adventure-pics?fbclid=IwAR3gmrblxUNxYFUB_r5VLa-3brgA1HXNPkDDxd1XqauL-JCQ6AFpNpNb-Nw#1 Valparola Pass u Cortiny Gotthard Pass, Switzerland Miataland, Italy https:\/\/www.garaz.cz\/clanek\/nejlepsi-rakouske-silnice-ktere-mozna-neznate-4764 Colle dell&#8217;Agnello is the highest international road pass of the Alps, located on the border between Italy and France N85 Route Napoleon Francie Provance Route des Grandes Alpes https:\/\/www.garaz.cz\/magazin\/reportaze\/3004003-kde-hledat-ty-nejlepsi-silnice-vyrazte-do-alp?utm_source=www.seznam.cz&#038;utm_medium=sekce-z-internetu Strada della Forra u Lago di Garda Alpsk\u00e1 vyhl\u00eddkov\u00e1 trasa. GOTTHARD PASS http:\/\/initiald.cz\/cesty.php http:\/\/www.alpentourer.com\/ Pr\u016fsmyk &hellip; <a href=\"https:\/\/martin.tresnak.eu\/?page_id=1099\" class=\"more-link\">Pokra\u010dovat ve \u010dten\u00ed<span class=\"screen-reader-text\"> &#8222;Silnice&#8220;<\/span><\/a><\/p>\n","protected":false},"author":2,"featured_media":0,"parent":0,"menu_order":0,"comment_status":"open","ping_status":"open","template":"","meta":{"jetpack_post_was_ever_published":false,"footnotes":""},"jetpack_sharing_enabled":true,"jetpack_shortlink":"https:\/\/wp.me\/P6sWw5-hJ","jetpack-related-posts":[],"_links":{"self":[{"href":"https:\/\/martin.tresnak.eu\/index.php?rest_route=\/wp\/v2\/pages\/1099"}],"collection":[{"href":"https:\/\/martin.tresnak.eu\/index.php?rest_route=\/wp\/v2\/pages"}],"about":[{"href":"https:\/\/martin.tresnak.eu\/index.php?rest_route=\/wp\/v2\/types\/page"}],"author":[{"embeddable":true,"href":"https:\/\/martin.tresnak.eu\/index.php?rest_route=\/wp\/v2\/users\/2"}],"replies":[{"embeddable":true,"href":"https:\/\/martin.tresnak.eu\/index.php?rest_route=%2Fwp%2Fv2%2Fcomments&post=1099"}],"version-history":[{"count":21,"href":"https:\/\/martin.tresnak.eu\/index.php?rest_route=\/wp\/v2\/pages\/1099\/revisions"}],"predecessor-version":[{"id":5228,"href":"https:\/\/martin.tresnak.eu\/index.php?rest_route=\/wp\/v2\/pages\/1099\/revisions\/5228"}],"wp:attachment":[{"href":"https:\/\/martin.tresnak.eu\/index.php?rest_route=%2Fwp%2Fv2%2Fmedia&parent=1099"}],"curies":[{"name":"wp","href":"https:\/\/api.w.org\/{rel}","templated":true}]}}